{"id":18,"date":"2021-07-12T15:47:57","date_gmt":"2021-07-12T15:47:57","guid":{"rendered":"https:\/\/dlf.uzh.ch\/sites\/club-de-lectura\/?page_id=18"},"modified":"2022-11-24T09:22:32","modified_gmt":"2022-11-24T09:22:32","slug":"organizadorxs","status":"publish","type":"page","link":"https:\/\/dlf.uzh.ch\/sites\/club-de-lectura\/organizadorxs\/","title":{"rendered":"Organizadorxs"},"content":{"rendered":"<div class=\"wpb-content-wrapper\"><p>[vc_row][vc_column][vc_column_text]<\/p>\n<p style=\"font-size: 20px;\">Lxs organizadorxs del club de lectura quieren expresar su agradecimiento al <a href=\"https:\/\/www.lzz.uzh.ch\/en.html\" target=\"_blank\" rel=\"noreferrer noopener\" data-type=\"URL\" data-id=\"https:\/\/www.lzz.uzh.ch\/en.html\">Latin American Center Zurich<\/a> (Centro Latinoamericano de Z\u00farich), al Romanisches Seminar (RoSe) de la Universit\u00e4t Z\u00fcrich (Universidad de Z\u00farich) por confiar esta iniciativa y apoyarnos en su financiamiento.<\/p>\n\n\n<p style=\"font-size: 20px;\">Esperamos seguir agregando agradecimientos y amigxs a este proyecto!<\/p>\n\n\n<p class=\"has-large-font-size\"><strong>Francisco Nel Aguirre<\/strong><\/p>\n\n\n<p style=\"font-size: 20px;\">Es estudiante de historia y estudios literarios y culturales en la Universidad de Z\u00farich. Ha sido miembro fundador del grupo de discusi\u00f3n de textos te\u00f3ricos decoloniales patrocinado por el Centro Latinoamericano de Z\u00farich.<\/p>\n\n<div class=\"wp-block-image is-style-rounded\">\n<figure class=\"aligncenter size-large is-resized\"><img loading=\"lazy\" decoding=\"async\" class=\"wp-image-299\" src=\"https:\/\/dlf.uzh.ch\/sites\/club-de-lectura\/files\/2022\/03\/Foto-Fran-1024x1010.jpg\" alt=\"\" width=\"184\" height=\"181\" srcset=\"https:\/\/dlf.uzh.ch\/sites\/club-de-lectura\/files\/2022\/03\/Foto-Fran-1024x1010.jpg 1024w, https:\/\/dlf.uzh.ch\/sites\/club-de-lectura\/files\/2022\/03\/Foto-Fran-300x296.jpg 300w, https:\/\/dlf.uzh.ch\/sites\/club-de-lectura\/files\/2022\/03\/Foto-Fran-768x757.jpg 768w, https:\/\/dlf.uzh.ch\/sites\/club-de-lectura\/files\/2022\/03\/Foto-Fran-88x88.jpg 88w, https:\/\/dlf.uzh.ch\/sites\/club-de-lectura\/files\/2022\/03\/Foto-Fran-900x887.jpg 900w, https:\/\/dlf.uzh.ch\/sites\/club-de-lectura\/files\/2022\/03\/Foto-Fran.jpg 1073w\" sizes=\"auto, (max-width: 184px) 100vw, 184px\" \/><\/figure>\n<\/div>\n\n<p class=\"has-large-font-size\"><strong>Virginia Le\u00f3n Torrez<\/strong><\/p>\n\n\n<p style=\"font-size: 20px;\">Actualmente realiza su doctorado en estudios literarios y culturales latinoamericanos en el Departamento de lenguas y literaturas romances de la Universidad de Z\u00farich. Forma parte del grupo literario latinoamericano en Berna, <a href=\"https:\/\/letrasbernaculas.ch\/\" target=\"_blank\" rel=\"noreferrer noopener\">Letras Bern\u00e1culas<\/a>, dedicado a la escritura creativa en espa\u00f1ol.<\/p>\n\n<div class=\"wp-block-image is-style-rounded\">\n<figure class=\"aligncenter size-thumbnail is-resized\"><img loading=\"lazy\" decoding=\"async\" class=\"alignnone wp-image-366 size-full\" src=\"https:\/\/dlf.uzh.ch\/sites\/club-de-lectura\/files\/2022\/11\/virginia_leon_torrez_72dpi.jpg\" alt=\"\" width=\"180\" height=\"173\" \/><\/figure>\n<p>&nbsp;<\/p>\n<\/div>\n<p>&nbsp;<\/p>\n<p>[\/vc_column_text][\/vc_column][\/vc_row]<\/p>\n<\/div>","protected":false},"excerpt":{"rendered":"<p>[vc_row][vc_column][vc_column_text] Lxs organizadorxs del club de lectura quieren expresar su agradecimiento al Latin American Center Zurich (Centro Latinoamericano de Z\u00farich), al Romanisches Seminar (RoSe) de la Universit\u00e4t Z\u00fcrich (Universidad de Z\u00farich) por confiar esta iniciativa y apoyarnos en su financiamiento. Esperamos seguir agregando agradecimientos y amigxs a este proyecto! Francisco Nel Aguirre Es estudiante de [&hellip;]<\/p>\n","protected":false},"author":676,"featured_media":0,"parent":0,"menu_order":3,"comment_status":"closed","ping_status":"closed","template":"","meta":{"footnotes":""},"class_list":["post-18","page","type-page","status-publish","hentry"],"_links":{"self":[{"href":"https:\/\/dlf.uzh.ch\/sites\/club-de-lectura\/wp-json\/wp\/v2\/pages\/18","targetHints":{"allow":["GET"]}}],"collection":[{"href":"https:\/\/dlf.uzh.ch\/sites\/club-de-lectura\/wp-json\/wp\/v2\/pages"}],"about":[{"href":"https:\/\/dlf.uzh.ch\/sites\/club-de-lectura\/wp-json\/wp\/v2\/types\/page"}],"author":[{"embeddable":true,"href":"https:\/\/dlf.uzh.ch\/sites\/club-de-lectura\/wp-json\/wp\/v2\/users\/676"}],"replies":[{"embeddable":true,"href":"https:\/\/dlf.uzh.ch\/sites\/club-de-lectura\/wp-json\/wp\/v2\/comments?post=18"}],"version-history":[{"count":18,"href":"https:\/\/dlf.uzh.ch\/sites\/club-de-lectura\/wp-json\/wp\/v2\/pages\/18\/revisions"}],"predecessor-version":[{"id":367,"href":"https:\/\/dlf.uzh.ch\/sites\/club-de-lectura\/wp-json\/wp\/v2\/pages\/18\/revisions\/367"}],"wp:attachment":[{"href":"https:\/\/dlf.uzh.ch\/sites\/club-de-lectura\/wp-json\/wp\/v2\/media?parent=18"}],"curies":[{"name":"wp","href":"https:\/\/api.w.org\/{rel}","templated":true}]}}