{"id":64,"date":"2023-06-15T20:47:11","date_gmt":"2023-06-15T20:47:11","guid":{"rendered":"https:\/\/dlf.uzh.ch\/sites\/cihle13\/?page_id=64"},"modified":"2024-06-21T11:32:13","modified_gmt":"2024-06-21T11:32:13","slug":"programa","status":"publish","type":"page","link":"https:\/\/dlf.uzh.ch\/sites\/cihle13\/programa\/","title":{"rendered":"Programa"},"content":{"rendered":"<div class=\"wpb-content-wrapper\"><p>[vc_row][vc_column][vc_column_text css=\u00bb\u00bb]<\/p>\n<h2>Fechas importantes<\/h2>\n<ul>\n<li>Inscripci\u00f3n: entre el 15 de febrero y el 31 de mayo de 2024<\/li>\n<li>Lugar: Universidad de Z\u00farich, Edificio RAA, R\u00e4mistrasse 59, CH-8001 Z\u00fcrich<\/li>\n<\/ul>\n<h2>Programa<\/h2>\n<ul>\n<li>Pinche<span style=\"color: #800000;\"><strong> <a style=\"color: #800000;\" href=\"https:\/\/dlf.uzh.ch\/sites\/cihle13\/files\/2024\/06\/programa_cihle_dias_190624.pdf\">aqu\u00ed<\/a>\u00a0<\/strong><\/span>para acceder.<\/li>\n<\/ul>\n<h2>Libro de res\u00famenes<\/h2>\n<ul>\n<li>Pinche<span style=\"color: #800000;\"><strong> <a style=\"color: #800000;\" href=\"https:\/\/dlf.uzh.ch\/sites\/cihle13\/files\/2024\/06\/cihle_programa_20240621.pdf\">aqu\u00ed<\/a> <\/strong><\/span>para acceder.<\/li>\n<\/ul>\n<h2>Conferencias plenarias<\/h2>\n<ul>\n<li>Dr. D. Rafael Cano Aguilar, Universidad de Sevilla, <a href=\"https:\/\/dlf.uzh.ch\/sites\/cihle13\/files\/2024\/06\/plen1.pdf\"><strong><em>Sintaxis hist\u00f3rica y an\u00e1lisis del discurso oral en espa\u00f1ol<\/em><\/strong><\/a><\/li>\n<li>Dr. D. Andr\u00e9s Enrique-Arias, Universitat de les Illes Balears, <a href=\"https:\/\/dlf.uzh.ch\/sites\/cihle13\/files\/2024\/06\/plen2.pdf\"><b><i>Hacia una dialectolog\u00eda hist\u00f3rica del espa\u00f1ol: m\u00e9todos, recursos e implicaciones te\u00f3ricas<\/i><\/b><\/a><\/li>\n<li>Dr. D. \u00c1lvaro Octavio de Toledo y Huerta, Consejo Superior de Investigaciones Cient\u00edficas, <a href=\"https:\/\/dlf.uzh.ch\/sites\/cihle13\/files\/2024\/06\/plen3.pdf\"><strong><em>Rasgos morfosint\u00e1cticos en textos memorial\u00edsticos de las primeras d\u00e9cadas del siglo XIX<\/em><\/strong><\/a><\/li>\n<li>Dra. D.\u00aa Magdalena Coll, Universidad de la Rep\u00fablica, Montevideo, Uruguay, <a href=\"https:\/\/dlf.uzh.ch\/sites\/cihle13\/files\/2024\/06\/plen4.pdf\"><strong><em>Relato de un contacto: lenguas africanas y espa\u00f1ol en la historia ling\u00fc\u00edstica americana<\/em><\/strong><\/a><\/li>\n<li>Dra. D.\u00aa Lola Pons, Universidad de Sevilla, <a href=\"https:\/\/dlf.uzh.ch\/sites\/cihle13\/files\/2024\/06\/plen5.pdf\"><em><strong>La forja del\u00a0<\/strong><\/em><strong>Di\u00e1logo<\/strong><em><strong>: Juan de Vald\u00e9s y la ling\u00fc\u00edstica popular de su tiempo<\/strong><\/em><\/a><\/li>\n<\/ul>\n<h2>Mesa redonda<\/h2>\n<ul>\n<li><a href=\"https:\/\/dlf.uzh.ch\/sites\/cihle13\/files\/2024\/06\/mesar.pdf\"><em><strong>Hacia el futuro de la Historia de la lengua espa\u00f1ola: nuevos m\u00e9todos, nuevos retos en la \u00e9poca de la IA<\/strong><\/em><\/a>\u00a0(coord. Carlota de Benito Moreno, participantes: Jos\u00e9 Manuel Fradejas Rueda (Universidad de Valladolid); Elena \u00c1lvarez Mellado (Universidad Nacional de Educaci\u00f3n a Distancia) y \u00c1lvaro Cu\u00e9llar Gonz\u00e1lez (Universidad Aut\u00f3noma de Barcelona)<\/li>\n<\/ul>\n<p>[\/vc_column_text][\/vc_column][\/vc_row]<\/p>\n<\/div>","protected":false},"excerpt":{"rendered":"<p>[vc_row][vc_column][vc_column_text css=\u00bb\u00bb] Fechas importantes Inscripci\u00f3n: entre el 15 de febrero y el 31 de mayo de 2024 Lugar: Universidad de Z\u00farich, Edificio RAA, R\u00e4mistrasse 59,&hellip;<\/p>\n","protected":false},"author":794,"featured_media":0,"parent":0,"menu_order":0,"comment_status":"closed","ping_status":"closed","template":"","meta":{"footnotes":""},"class_list":["post-64","page","type-page","status-publish","hentry"],"_links":{"self":[{"href":"https:\/\/dlf.uzh.ch\/sites\/cihle13\/wp-json\/wp\/v2\/pages\/64","targetHints":{"allow":["GET"]}}],"collection":[{"href":"https:\/\/dlf.uzh.ch\/sites\/cihle13\/wp-json\/wp\/v2\/pages"}],"about":[{"href":"https:\/\/dlf.uzh.ch\/sites\/cihle13\/wp-json\/wp\/v2\/types\/page"}],"author":[{"embeddable":true,"href":"https:\/\/dlf.uzh.ch\/sites\/cihle13\/wp-json\/wp\/v2\/users\/794"}],"replies":[{"embeddable":true,"href":"https:\/\/dlf.uzh.ch\/sites\/cihle13\/wp-json\/wp\/v2\/comments?post=64"}],"version-history":[{"count":12,"href":"https:\/\/dlf.uzh.ch\/sites\/cihle13\/wp-json\/wp\/v2\/pages\/64\/revisions"}],"predecessor-version":[{"id":487,"href":"https:\/\/dlf.uzh.ch\/sites\/cihle13\/wp-json\/wp\/v2\/pages\/64\/revisions\/487"}],"wp:attachment":[{"href":"https:\/\/dlf.uzh.ch\/sites\/cihle13\/wp-json\/wp\/v2\/media?parent=64"}],"curies":[{"name":"wp","href":"https:\/\/api.w.org\/{rel}","templated":true}]}}