{"id":261,"date":"2023-09-29T06:25:45","date_gmt":"2023-09-29T06:25:45","guid":{"rendered":"https:\/\/dlf.uzh.ch\/sites\/cihle13\/?page_id=261"},"modified":"2024-03-18T19:04:45","modified_gmt":"2024-03-18T19:04:45","slug":"alojamiento","status":"publish","type":"page","link":"https:\/\/dlf.uzh.ch\/sites\/cihle13\/alojamiento\/","title":{"rendered":"Alojamiento"},"content":{"rendered":"\n<p>En esta p\u00e1gina encontrar\u00e1 los hoteles que han realizado ofertas espec\u00edficas para los participantes, as\u00ed como otras sugerencias para buscar alojamiento durante el congreso.<\/p>\n\n\n\n<p class=\"has-medium-font-size\"><strong>Hoteles con ofertas para los participantes del CIHLE<\/strong> (aconsejamos comprobar los precios en sus p\u00e1ginas web, pues pueden ser m\u00e1s bajos con otras condiciones de cancelaci\u00f3n)<\/p>\n\n\n\n<p><strong><a href=\"https:\/\/hotel-airport-zuerich.dorint.com\/en\/\">Dorint Airport Hotel Zurich<\/a> (estancias a partir del 30 de junio y hasta 5 de julio)<\/strong>&nbsp;<\/p>\n\n\n\n<ul class=\"wp-block-list\">\n<li>Precio (sin desayuno):&nbsp;\n<ul class=\"wp-block-list\">\n<li>Habitaciones individuales: 149 CHF&nbsp;<\/li>\n\n\n\n<li>Habitaciones dobles: 154 CHF&nbsp;<\/li>\n<\/ul>\n<\/li>\n\n\n\n<li>Condiciones:&nbsp;\n<ul class=\"wp-block-list\">\n<li>Las reservas se pueden hacer hasta 6 semanas antes del comienzo de la estancia.&nbsp;&nbsp;<\/li>\n\n\n\n<li>Una vez hechas, pueden cancelarse gratuitamente hasta 7 d\u00edas antes de la estancia.&nbsp;<\/li>\n<\/ul>\n<\/li>\n\n\n\n<li>Reserve a trav\u00e9s de <a href=\"https:\/\/dorint.com\/de\/uni240630\" target=\"_blank\" rel=\"noreferrer noopener\">este enlace<\/a>.&nbsp;<\/li>\n<\/ul>\n\n\n\n<p><strong><a href=\"https:\/\/www.ihg.com\/holidayinn\/hotels\/gb\/en\/zurich\/zrhme\/hoteldetail\" data-type=\"link\" data-id=\"https:\/\/www.ihg.com\/holidayinn\/hotels\/gb\/en\/zurich\/zrhme\/hoteldetail\">Hotel Holiday Inn Z\u00fcrich Messe<\/a> (estancias a partir del 30 de junio y hasta el 4 de julio)<\/strong>&nbsp;<\/p>\n\n\n\n<ul class=\"wp-block-list\">\n<li>Precio (con desayuno)&nbsp;\n<ul class=\"wp-block-list\">\n<li>Habitaci\u00f3n doble de uso individual: 170 CHF\/noche&nbsp;<\/li>\n\n\n\n<li>Habitaci\u00f3n doble de uso doble: 190 CHF\/noche&nbsp;<\/li>\n<\/ul>\n<\/li>\n\n\n\n<li>Condiciones:&nbsp;\n<ul class=\"wp-block-list\">\n<li>Las reservas se pueden hacer hasta el 31 de mayo de 2024.&nbsp;&nbsp;<\/li>\n\n\n\n<li>Una vez hechas, pueden cancelarse gratuitamente hasta 3 semanas antes de la estancia.&nbsp;&nbsp;<\/li>\n\n\n\n<li>El pago se realiza al llegar.&nbsp;<\/li>\n<\/ul>\n<\/li>\n\n\n\n<li>Las reservas se realizan por e-mail (reservation@hi-zm.ch) o tel\u00e9fono (+41 44 316 11 00) con el c\u00f3digo \u201cXIII Congreso Internacional de Historia\u201d&nbsp;<\/li>\n<\/ul>\n\n\n\n<p><strong><a href=\"https:\/\/fredhotels.ch\/de\/hauptbahnhof\/\">Fred Hotel Z\u00fcrich Hauptbahnhof<\/a><\/strong>&nbsp;<strong>(estancias a partir del 29 de junio y hasta el 4 de julio)<\/strong>&nbsp;<\/p>\n\n\n\n<ul class=\"wp-block-list\">\n<li>Precio (con desayuno):&nbsp;\n<ul class=\"wp-block-list\">\n<li>Habitaciones individuales: 185 CHF\/noche&nbsp;<\/li>\n<\/ul>\n<\/li>\n\n\n\n<li>Condiciones:&nbsp;\n<ul class=\"wp-block-list\">\n<li>Las reservas se pueden hacer hasta el 29 de mayo de 2024.&nbsp;<\/li>\n\n\n\n<li>Una vez hechas, pueden cancelarse gratuitamente hasta 1 d\u00eda antes de la estancia.&nbsp;<\/li>\n<\/ul>\n<\/li>\n\n\n\n<li>Las reservas se realizan por E-Mail (<a href=\"mailto:hauptbahnhof@fredhotels.ch\" target=\"_blank\" rel=\"noreferrer noopener\">hauptbahnhof@fredhotels.ch<\/a>) con el c\u00f3digo \u201cXIII Congreso\u201d.&nbsp;&nbsp;<\/li>\n<\/ul>\n\n\n\n<p><strong><a href=\"https:\/\/www.radissonhotels.com\/de-de\/hotels\/radisson-zurich-airport\">Radisson Hotel, Zurich Airport R\u00fcmlang<\/a> (estancias a partir del 30 de junio y hasta el 6 de julio)<\/strong>&nbsp;<\/p>\n\n\n\n<ul class=\"wp-block-list\">\n<li>Precio (con desayuno)&nbsp;\n<ul class=\"wp-block-list\">\n<li>Habitaci\u00f3n doble de uso individual: 159 CHF\/noche&nbsp;<\/li>\n<\/ul>\n<\/li>\n\n\n\n<li>Condiciones:&nbsp;\n<ul class=\"wp-block-list\">\n<li>Las reservas se pueden hacer hasta dos semanas antes de la estancia (\u00a1pero recomendamos hacerlas antes, para que no se agoten!).&nbsp;<\/li>\n\n\n\n<li>Una vez hechas, pueden cancelarse gratuitamente hasta 21 d\u00edas antes de la estancia.&nbsp;<\/li>\n<\/ul>\n<\/li>\n\n\n\n<li>Reserve a trav\u00e9s de <a href=\"https:\/\/www.radissonhotels.com\/de-de\/hotels\/radisson-zurich-airport\">este enlace<\/a>. Despu\u00e9s de elegir las fechas y el n\u00famero de personas, elija la opci\u00f3n \u00abAktionscode\u00bb en el campo \u00abAusgew\u00e4hlte Preise\u00bb e introduzca el c\u00f3digo UNI0624. Haciendo clic en \u00abVerf\u00fcgbarkeit pr\u00fcfen\u00bb ver\u00e1 el precio ofertado y podr\u00e1 reservar directamente en l\u00ednea.&nbsp;<\/li>\n<\/ul>\n\n\n\n<p><a href=\"https:\/\/www.radissonhotels.com\/en-us\/hotels\/radisson-hotel-and-suites-zurich\" target=\"_blank\" rel=\"noreferrer noopener\"><strong>Radisson Hotel &amp; Suites<\/strong><\/a><strong> <\/strong><strong>(estancias a partir del 30 de junio y hasta el 7 de julio)<\/strong>&nbsp;<\/p>\n\n\n\n<ul class=\"wp-block-list\">\n<li>Precio (con desayuno):&nbsp;\n<ul class=\"wp-block-list\">\n<li>Habitaci\u00f3n doble de uso individual: 189 CHF\/noche&nbsp;<\/li>\n\n\n\n<li>Habitaci\u00f3n doble de uso doble: 218 CHF\/noche&nbsp;<\/li>\n<\/ul>\n<\/li>\n\n\n\n<li>Condiciones:&nbsp;\n<ul class=\"wp-block-list\">\n<li>Las reservas se pueden hacer hasta el 30 de abril de 2024.&nbsp;&nbsp;<\/li>\n\n\n\n<li>Una vez hechas, pueden cancelarse gratuitamente hasta 1 d\u00eda antes de la estancia.&nbsp;&nbsp;<\/li>\n<\/ul>\n<\/li>\n\n\n\n<li>Reserve a trav\u00e9s de <a href=\"https:\/\/www.radissonhotels.com\/en-us\/hotels\/radisson-hotel-and-suites-zurich\" target=\"_blank\" rel=\"noreferrer noopener\">este enlace<\/a>. Despu\u00e9s de elegir las fechas y el n\u00famero de personas, elija la opci\u00f3n \u00abPromotional code\u00bb en el campo \u00abSelected rates\u00bb e introduzca el c\u00f3digo UZHSPAIN. Haciendo clic en \u00abVerf\u00fcgbarkeit pr\u00fcfen\u00bb ver\u00e1 el precio ofertado y podr\u00e1 reservar directamente en l\u00ednea.&nbsp;<\/li>\n<\/ul>\n\n\n\n<p class=\"has-medium-font-size\"><strong>Otras recomendaciones<\/strong>&nbsp;<\/p>\n\n\n\n<ul class=\"wp-block-list\">\n<li>Hoteles en el centro:&nbsp;\n<ul class=\"wp-block-list\">\n<li><a href=\"https:\/\/www.st-josef.ch\/\" target=\"_blank\" rel=\"noreferrer noopener\">Hotel St. Josef<\/a> (muy cercano a la universidad).&nbsp;<\/li>\n\n\n\n<li><a href=\"https:\/\/scheuble.ch\/wp-content\/cache\/all\/index.html\" target=\"_blank\" rel=\"noreferrer noopener\">Hotel Scheuble<\/a> (tambi\u00e9n bastante cerca)&nbsp;<\/li>\n\n\n\n<li><a href=\"https:\/\/www.motel-one.com\/de\/hotels\/zuerich\/hotel-zuerich\/\" target=\"_blank\" rel=\"noreferrer noopener\">Motel 1<\/a> (Hotel de la conocida cadena, algo m\u00e1s lejos de la universidad, pero muy c\u00e9ntrico) &nbsp;<\/li>\n\n\n\n<li><a href=\"https:\/\/plattenhof.ch\/\" target=\"_blank\" rel=\"noreferrer noopener\">Hotel Plattenhof<\/a> (el m\u00e1s cercano al evento, con pocas habitaciones)&nbsp;<\/li>\n<\/ul>\n<\/li>\n\n\n\n<li><a href=\"https:\/\/www.german.hostelworld.com\/st\/jugendherbergen\/europa\/schweiz\/zurich\/\" target=\"_blank\" rel=\"noreferrer noopener\">Albergues y hostales<\/a>&nbsp;<\/li>\n\n\n\n<li><a href=\"http:\/\/booking.com\/\" target=\"_blank\" rel=\"noreferrer noopener\">Booking.com<\/a>&nbsp;<\/li>\n\n\n\n<li><a href=\"https:\/\/es-l.airbnb.com\/switzerland\/stays\" target=\"_blank\" rel=\"noreferrer noopener\">Airbnb<\/a>&nbsp;&nbsp;&nbsp;<\/li>\n<\/ul>\n","protected":false},"excerpt":{"rendered":"<p>En esta p\u00e1gina encontrar\u00e1 los hoteles que han realizado ofertas espec\u00edficas para los participantes, as\u00ed como otras sugerencias para buscar alojamiento durante el congreso. Hoteles&hellip;<\/p>\n","protected":false},"author":794,"featured_media":0,"parent":0,"menu_order":0,"comment_status":"closed","ping_status":"closed","template":"","meta":{"footnotes":""},"class_list":["post-261","page","type-page","status-publish","hentry"],"_links":{"self":[{"href":"https:\/\/dlf.uzh.ch\/sites\/cihle13\/wp-json\/wp\/v2\/pages\/261","targetHints":{"allow":["GET"]}}],"collection":[{"href":"https:\/\/dlf.uzh.ch\/sites\/cihle13\/wp-json\/wp\/v2\/pages"}],"about":[{"href":"https:\/\/dlf.uzh.ch\/sites\/cihle13\/wp-json\/wp\/v2\/types\/page"}],"author":[{"embeddable":true,"href":"https:\/\/dlf.uzh.ch\/sites\/cihle13\/wp-json\/wp\/v2\/users\/794"}],"replies":[{"embeddable":true,"href":"https:\/\/dlf.uzh.ch\/sites\/cihle13\/wp-json\/wp\/v2\/comments?post=261"}],"version-history":[{"count":10,"href":"https:\/\/dlf.uzh.ch\/sites\/cihle13\/wp-json\/wp\/v2\/pages\/261\/revisions"}],"predecessor-version":[{"id":356,"href":"https:\/\/dlf.uzh.ch\/sites\/cihle13\/wp-json\/wp\/v2\/pages\/261\/revisions\/356"}],"wp:attachment":[{"href":"https:\/\/dlf.uzh.ch\/sites\/cihle13\/wp-json\/wp\/v2\/media?parent=261"}],"curies":[{"name":"wp","href":"https:\/\/api.w.org\/{rel}","templated":true}]}}