{"id":17,"date":"2023-06-04T10:49:01","date_gmt":"2023-06-04T10:49:01","guid":{"rendered":"https:\/\/dlf.uzh.ch\/sites\/cihle13\/?page_id=17"},"modified":"2024-05-28T15:09:14","modified_gmt":"2024-05-28T15:09:14","slug":"comite-cientifico","status":"publish","type":"page","link":"https:\/\/dlf.uzh.ch\/sites\/cihle13\/comite-cientifico\/","title":{"rendered":"Comit\u00e9s"},"content":{"rendered":"<div class=\"wpb-content-wrapper\"><p>[vc_row][vc_column][vc_column_text css_animation=\u00bbfadeInDown\u00bb]<\/p>\r\n\r\n<h2 class=\"wp-block-heading\">Comit\u00e9 organizador<\/h2>\r\n\r\n<p><strong>Presidente<\/strong>: Johannes Kabatek<\/p>\r\n<p><!-- \/wp:post-content --><\/p>\r\n<p><!-- wp:paragraph --><strong>Copresidenta<\/strong>: Carlota de Benito Moreno<\/p>\r\n<p><strong>Secretar\u00eda<\/strong>: Cristina Bleor\u021bu<\/p>\r\n<p><!-- \/wp:paragraph --><\/p>\r\n<p><!-- wp:paragraph --><strong>Vocales<\/strong>: Antonio Corredor Aveledo, Mar\u00eda Luisa Gago Iglesias, B\u00e1rbara Garrido S\u00e1nchez-Andrade, Yoselin Henriques Pestana, Philipp Obrist, Elena Padr\u00f3n Castilla, Senta Zeugin<\/p>\r\n<div class=\"wp-block-group\">\r\n<ul>\r\n<li style=\"list-style-type: none\">\r\n<p><!-- \/wp:paragraph -->\r\n\r\n<!-- wp:list-item --><\/p>\r\n<\/li>\r\n<\/ul>\r\n<p><!-- \/wp:list-item --><!-- \/wp:list --><\/p>\r\n<\/div>\r\n<p><!-- \/wp:group --><\/p>\r\n<h2>Comit\u00e9 cient\u00edfico<\/h2>\r\n<!-- wp:list -->\r\n<ul>\r\n<li style=\"list-style-type: none\">\r\n<ul><!-- wp:list-item -->\r\n<li>Dr. D. Jos\u00e9 Antonio Bartol Hern\u00e1ndez (Universidad de Salamanca)<\/li>\r\n<!-- \/wp:list-item -->\r\n\r\n<!-- wp:list-item -->\r\n<li>Dra. D.\u00aa Virginia Bertolotti (Universidad de la Rep\u00fablica, Uruguay)<\/li>\r\n<!-- \/wp:list-item -->\r\n\r\n<!-- wp:list-item -->\r\n<li>Dra. D.\u00aa M\u00f3nica Castillo Lluch (Universidad de Lausana)<\/li>\r\n<!-- \/wp:list-item -->\r\n\r\n<!-- wp:list-item -->\r\n<li>Dra. D.\u00aa Cristina Egido Fern\u00e1ndez (Universidad de Le\u00f3n)<\/li>\r\n<!-- \/wp:list-item -->\r\n\r\n<!-- wp:list-item -->\r\n<li>Dr. D. Carlos Garatea Grau (Pontificia Universidad Cat\u00f3lica del Per\u00fa)<\/li>\r\n<!-- \/wp:list-item -->\r\n\r\n<!-- wp:list-item -->\r\n<li>Dra. D.\u00aa Mar\u00eda Teresa Garc\u00eda Godoy (Universidad de Granada)<\/li>\r\n<!-- \/wp:list-item -->\r\n\r\n<!-- wp:list-item -->\r\n<li>Dra. D.\u00aa Silvia Iglesias Recuero (Universidad Complutense de Madrid)<\/li>\r\n<!-- \/wp:list-item -->\r\n\r\n<!-- wp:list-item -->\r\n<li>Dr. D. Johannes Kabatek (Universidad de Z\u00farich)<\/li>\r\n<!-- \/wp:list-item -->\r\n\r\n<!-- wp:list-item -->\r\n<li>Dr. D. Emilio Montero Cartelle (Universidad de Santiago de Compostela)<\/li>\r\n<!-- \/wp:list-item -->\r\n\r\n<!-- wp:list-item -->\r\n<li>Dra. D.\u00aa Lola Pons Rodr\u00edguez (Universidad de Sevilla)<\/li>\r\n<!-- \/wp:list-item -->\r\n\r\n<!-- wp:list-item -->\r\n<li>Dr. D. Antonio Salvador Plans (Universidad de Extremadura)<\/li>\r\n<!-- \/wp:list-item -->\r\n\r\n<!-- wp:list-item -->\r\n<li>Dr. D. Carlos S\u00e1nchez Lancis (Universidad Aut\u00f3noma de Barcelona)<\/li>\r\n<!-- \/wp:list-item -->\r\n\r\n<!-- wp:list-item -->\r\n<li>Dr. D. Juan Pedro S\u00e1nchez M\u00e9ndez (Universidad de Neuch\u00e2tel)<\/li>\r\n<\/ul>\r\n<\/li>\r\n<\/ul>\r\n<!-- \/wp:list-item --><!-- \/wp:list -->\r\n<h2>\u00a0<\/h2>\r\n<p>[\/vc_column_text][\/vc_column][\/vc_row]<\/p><\/div>","protected":false},"excerpt":{"rendered":"<p>[vc_row][vc_column][vc_column_text css_animation=\u00bbfadeInDown\u00bb] Comit\u00e9 organizador Presidente: Johannes Kabatek Copresidenta: Carlota de Benito Moreno Secretar\u00eda: Cristina Bleor\u021bu Vocales: Antonio Corredor Aveledo, Mar\u00eda Luisa Gago Iglesias, B\u00e1rbara Garrido&hellip;<\/p>\n","protected":false},"author":794,"featured_media":0,"parent":0,"menu_order":0,"comment_status":"closed","ping_status":"closed","template":"","meta":{"footnotes":""},"class_list":["post-17","page","type-page","status-publish","hentry"],"_links":{"self":[{"href":"https:\/\/dlf.uzh.ch\/sites\/cihle13\/wp-json\/wp\/v2\/pages\/17","targetHints":{"allow":["GET"]}}],"collection":[{"href":"https:\/\/dlf.uzh.ch\/sites\/cihle13\/wp-json\/wp\/v2\/pages"}],"about":[{"href":"https:\/\/dlf.uzh.ch\/sites\/cihle13\/wp-json\/wp\/v2\/types\/page"}],"author":[{"embeddable":true,"href":"https:\/\/dlf.uzh.ch\/sites\/cihle13\/wp-json\/wp\/v2\/users\/794"}],"replies":[{"embeddable":true,"href":"https:\/\/dlf.uzh.ch\/sites\/cihle13\/wp-json\/wp\/v2\/comments?post=17"}],"version-history":[{"count":8,"href":"https:\/\/dlf.uzh.ch\/sites\/cihle13\/wp-json\/wp\/v2\/pages\/17\/revisions"}],"predecessor-version":[{"id":431,"href":"https:\/\/dlf.uzh.ch\/sites\/cihle13\/wp-json\/wp\/v2\/pages\/17\/revisions\/431"}],"wp:attachment":[{"href":"https:\/\/dlf.uzh.ch\/sites\/cihle13\/wp-json\/wp\/v2\/media?parent=17"}],"curies":[{"name":"wp","href":"https:\/\/api.w.org\/{rel}","templated":true}]}}