{"id":298,"date":"2023-05-15T00:33:00","date_gmt":"2023-05-14T22:33:00","guid":{"rendered":"https:\/\/dlf.uzh.ch\/sites\/cbleor\/?page_id=298"},"modified":"2023-06-07T10:39:10","modified_gmt":"2023-06-07T08:39:10","slug":"videos-de-las-conferencias","status":"publish","type":"page","link":"https:\/\/dlf.uzh.ch\/sites\/cbleor\/videos-de-las-conferencias\/","title":{"rendered":"V\u00eddeos de las conferencias"},"content":{"rendered":"\n<figure class=\"wp-block-embed is-type-video is-provider-youtube wp-block-embed-youtube wp-embed-aspect-16-9 wp-has-aspect-ratio\"><div class=\"wp-block-embed__wrapper\">\n<iframe loading=\"lazy\" title=\"Johannes Kabatek: El rumano en contacto con las lenguas iberorrom\u00e1nicas. Inauguraci\u00f3n\" width=\"584\" height=\"329\" src=\"https:\/\/www.youtube.com\/embed\/UMWpHrJ_4Oc?feature=oembed\" frameborder=\"0\" allow=\"accelerometer; autoplay; clipboard-write; encrypted-media; gyroscope; picture-in-picture; web-share\" referrerpolicy=\"strict-origin-when-cross-origin\" allowfullscreen><\/iframe>\n<\/div><figcaption class=\"wp-element-caption\">Johannes Kabatek (grabaci\u00f3n incompleta): inauguraci\u00f3n<\/figcaption><\/figure>\n\n\n\n<figure class=\"wp-block-embed is-type-video is-provider-youtube wp-block-embed-youtube wp-embed-aspect-16-9 wp-has-aspect-ratio\"><div class=\"wp-block-embed__wrapper\">\n<iframe loading=\"lazy\" title=\"Plenaria, Paul Buzil\u0103: El rumano hablado en Espa\u00f1a: hallazgos y posible evoluci\u00f3n futura\" width=\"584\" height=\"329\" src=\"https:\/\/www.youtube.com\/embed\/5Vjnox0FDmk?feature=oembed\" frameborder=\"0\" allow=\"accelerometer; autoplay; clipboard-write; encrypted-media; gyroscope; picture-in-picture; web-share\" referrerpolicy=\"strict-origin-when-cross-origin\" allowfullscreen><\/iframe>\n<\/div><figcaption class=\"wp-element-caption\">Conferencia plenaria: Paul Buzil\u0103<\/figcaption><\/figure>\n\n\n\n<figure class=\"wp-block-embed is-type-video is-provider-youtube wp-block-embed-youtube wp-embed-aspect-16-9 wp-has-aspect-ratio\"><div class=\"wp-block-embed__wrapper\">\n<iframe loading=\"lazy\" title=\"Mihaela Horumbete, Mar\u00eda Matesanz del Barrio (Universidad Complutense de Madrid)\" width=\"584\" height=\"329\" src=\"https:\/\/www.youtube.com\/embed\/JVm1z6W-ayg?feature=oembed\" frameborder=\"0\" allow=\"accelerometer; autoplay; clipboard-write; encrypted-media; gyroscope; picture-in-picture; web-share\" referrerpolicy=\"strict-origin-when-cross-origin\" allowfullscreen><\/iframe>\n<\/div><figcaption class=\"wp-element-caption\">Comunicaci\u00f3n: Mihaela Horumbete, Mar\u00eda Matesanz del Barrio<\/figcaption><\/figure>\n\n\n\n<figure class=\"wp-block-embed is-type-video is-provider-youtube wp-block-embed-youtube wp-embed-aspect-16-9 wp-has-aspect-ratio\"><div class=\"wp-block-embed__wrapper\">\n<iframe loading=\"lazy\" title=\"M. Cuevas Alonso, L. Seiciuc, A. Prelipcean: Las realizaciones de los hiatos \/e.a\/ y \/o.a\/ espa\u00f1oles\" width=\"584\" height=\"329\" src=\"https:\/\/www.youtube.com\/embed\/bEt-61FDIbo?feature=oembed\" frameborder=\"0\" allow=\"accelerometer; autoplay; clipboard-write; encrypted-media; gyroscope; picture-in-picture; web-share\" referrerpolicy=\"strict-origin-when-cross-origin\" allowfullscreen><\/iframe>\n<\/div><figcaption class=\"wp-element-caption\">Comunicaci\u00f3n: Lavinia Seiciuc, Alina Viorela-Prelipcean, Miguel Cuevas Alonso<\/figcaption><\/figure>\n\n\n\n<figure class=\"wp-block-embed is-type-video is-provider-youtube wp-block-embed-youtube wp-embed-aspect-16-9 wp-has-aspect-ratio\"><div class=\"wp-block-embed__wrapper\">\n<iframe loading=\"lazy\" title=\"Simona Leonti: Contacto lingu\u0308\u00edstico e interferencia en estudiantes rumanos de ELE\" width=\"584\" height=\"329\" src=\"https:\/\/www.youtube.com\/embed\/azwCxyNAys4?feature=oembed\" frameborder=\"0\" allow=\"accelerometer; autoplay; clipboard-write; encrypted-media; gyroscope; picture-in-picture; web-share\" referrerpolicy=\"strict-origin-when-cross-origin\" allowfullscreen><\/iframe>\n<\/div><figcaption class=\"wp-element-caption\">Comunicaci\u00f3n: Simona Leonti<\/figcaption><\/figure>\n\n\n\n<figure class=\"wp-block-embed is-type-video is-provider-youtube wp-block-embed-youtube wp-embed-aspect-16-9 wp-has-aspect-ratio\"><div class=\"wp-block-embed__wrapper\">\n<iframe loading=\"lazy\" title=\"Lavinia Ienceanu: Interferencias lingu\u0308\u00edsticas del rumano en el espa\u00f1ol de los estudiantes rumanos\" width=\"584\" height=\"329\" src=\"https:\/\/www.youtube.com\/embed\/ZowkSzy7HeQ?feature=oembed\" frameborder=\"0\" allow=\"accelerometer; autoplay; clipboard-write; encrypted-media; gyroscope; picture-in-picture; web-share\" referrerpolicy=\"strict-origin-when-cross-origin\" allowfullscreen><\/iframe>\n<\/div><figcaption class=\"wp-element-caption\">Comunicaci\u00f3n: Lavinia Ienceanu<\/figcaption><\/figure>\n\n\n\n<figure class=\"wp-block-embed is-type-video is-provider-youtube wp-block-embed-youtube wp-embed-aspect-16-9 wp-has-aspect-ratio\"><div class=\"wp-block-embed__wrapper\">\n<iframe loading=\"lazy\" title=\"Discusiones parte_1\" width=\"584\" height=\"329\" src=\"https:\/\/www.youtube.com\/embed\/XOG-22mHUZY?feature=oembed\" frameborder=\"0\" allow=\"accelerometer; autoplay; clipboard-write; encrypted-media; gyroscope; picture-in-picture; web-share\" referrerpolicy=\"strict-origin-when-cross-origin\" allowfullscreen><\/iframe>\n<\/div><figcaption class=\"wp-element-caption\">Discusiones: Paul Buzil\u0103, Carlota de Benito Moreno, Alicia Megan Brown, Johannes Kabatek, Mar\u00eda Matesanz del Barrio, Kim Schulte<\/figcaption><\/figure>\n\n\n\n<figure class=\"wp-block-embed is-type-video is-provider-youtube wp-block-embed-youtube wp-embed-aspect-16-9 wp-has-aspect-ratio\"><div class=\"wp-block-embed__wrapper\">\n<iframe loading=\"lazy\" title=\"J. C. L\u00f3pez Otero y Adina C. Bleotu: The semi-spontaneous production of DOM in Romanian and Spanish\" width=\"584\" height=\"329\" src=\"https:\/\/www.youtube.com\/embed\/sgEnrn-PY2I?feature=oembed\" frameborder=\"0\" allow=\"accelerometer; autoplay; clipboard-write; encrypted-media; gyroscope; picture-in-picture; web-share\" referrerpolicy=\"strict-origin-when-cross-origin\" allowfullscreen><\/iframe>\n<\/div><figcaption class=\"wp-element-caption\">Comunicaci\u00f3n Julio C\u00e9sar L\u00f3pez Otero y Adina Camelia Bleotu<\/figcaption><\/figure>\n\n\n\n<figure class=\"wp-block-embed is-type-video is-provider-youtube wp-block-embed-youtube wp-embed-aspect-16-9 wp-has-aspect-ratio\"><div class=\"wp-block-embed__wrapper\">\n<iframe loading=\"lazy\" title=\"Senta Zeugin: Estudio experimental de la MDO en hablantesbilingu\u0308es rumano-espa\u00f1oles\" width=\"584\" height=\"329\" src=\"https:\/\/www.youtube.com\/embed\/sJbpQRUrVmg?feature=oembed\" frameborder=\"0\" allow=\"accelerometer; autoplay; clipboard-write; encrypted-media; gyroscope; picture-in-picture; web-share\" referrerpolicy=\"strict-origin-when-cross-origin\" allowfullscreen><\/iframe>\n<\/div><figcaption class=\"wp-element-caption\">Comunicaci\u00f3n (grabaci\u00f3n incompleta): Senta Zeugin<\/figcaption><\/figure>\n\n\n\n<figure class=\"wp-block-embed is-type-video is-provider-youtube wp-block-embed-youtube wp-embed-aspect-16-9 wp-has-aspect-ratio\"><div class=\"wp-block-embed__wrapper\">\n<iframe loading=\"lazy\" title=\"Alicia Megan Brown: Marcador diferencial de objetos por partede hispanohablantes rumanos en Madrid\" width=\"584\" height=\"329\" src=\"https:\/\/www.youtube.com\/embed\/ea4hjIHCMJw?feature=oembed\" frameborder=\"0\" allow=\"accelerometer; autoplay; clipboard-write; encrypted-media; gyroscope; picture-in-picture; web-share\" referrerpolicy=\"strict-origin-when-cross-origin\" allowfullscreen><\/iframe>\n<\/div><figcaption class=\"wp-element-caption\">Comunicaci\u00f3n: Alicia Megan Brown<\/figcaption><\/figure>\n\n\n\n<figure class=\"wp-block-embed is-type-video is-provider-youtube wp-block-embed-youtube wp-embed-aspect-16-9 wp-has-aspect-ratio\"><div class=\"wp-block-embed__wrapper\">\n<iframe loading=\"lazy\" title=\"Kim Schulte: De la primera a la segunda generaci\u00f3n: El contacto entre rumano, espa\u00f1ol y valenciano\" width=\"584\" height=\"329\" src=\"https:\/\/www.youtube.com\/embed\/Vh_28osC2j8?feature=oembed\" frameborder=\"0\" allow=\"accelerometer; autoplay; clipboard-write; encrypted-media; gyroscope; picture-in-picture; web-share\" referrerpolicy=\"strict-origin-when-cross-origin\" allowfullscreen><\/iframe>\n<\/div><figcaption class=\"wp-element-caption\">Plenaria: Kim Schulte<\/figcaption><\/figure>\n\n\n\n<figure class=\"wp-block-embed is-type-video is-provider-youtube wp-block-embed-youtube wp-embed-aspect-16-9 wp-has-aspect-ratio\"><div class=\"wp-block-embed__wrapper\">\n<iframe loading=\"lazy\" title=\"Discusiones parte_2\" width=\"584\" height=\"329\" src=\"https:\/\/www.youtube.com\/embed\/W-1zreJv4B4?feature=oembed\" frameborder=\"0\" allow=\"accelerometer; autoplay; clipboard-write; encrypted-media; gyroscope; picture-in-picture; web-share\" referrerpolicy=\"strict-origin-when-cross-origin\" allowfullscreen><\/iframe>\n<\/div><figcaption class=\"wp-element-caption\">Discusiones: Cristina Bleor\u021bu, Paul Buzil\u0103, Alicia Megan Brown, B\u00e1rbara Garrido, Johannes Kabatek, Julio C\u00e9sar L\u00f3pez Otero, Mar\u00eda Matesanz del Barrio, Kim Schulte, Andreea \u0218tefan<\/figcaption><\/figure>\n","protected":false},"excerpt":{"rendered":"","protected":false},"author":794,"featured_media":0,"parent":0,"menu_order":0,"comment_status":"closed","ping_status":"closed","template":"","meta":{"footnotes":""},"class_list":["post-298","page","type-page","status-publish","hentry"],"_links":{"self":[{"href":"https:\/\/dlf.uzh.ch\/sites\/cbleor\/wp-json\/wp\/v2\/pages\/298","targetHints":{"allow":["GET"]}}],"collection":[{"href":"https:\/\/dlf.uzh.ch\/sites\/cbleor\/wp-json\/wp\/v2\/pages"}],"about":[{"href":"https:\/\/dlf.uzh.ch\/sites\/cbleor\/wp-json\/wp\/v2\/types\/page"}],"author":[{"embeddable":true,"href":"https:\/\/dlf.uzh.ch\/sites\/cbleor\/wp-json\/wp\/v2\/users\/794"}],"replies":[{"embeddable":true,"href":"https:\/\/dlf.uzh.ch\/sites\/cbleor\/wp-json\/wp\/v2\/comments?post=298"}],"version-history":[{"count":9,"href":"https:\/\/dlf.uzh.ch\/sites\/cbleor\/wp-json\/wp\/v2\/pages\/298\/revisions"}],"predecessor-version":[{"id":335,"href":"https:\/\/dlf.uzh.ch\/sites\/cbleor\/wp-json\/wp\/v2\/pages\/298\/revisions\/335"}],"wp:attachment":[{"href":"https:\/\/dlf.uzh.ch\/sites\/cbleor\/wp-json\/wp\/v2\/media?parent=298"}],"curies":[{"name":"wp","href":"https:\/\/api.w.org\/{rel}","templated":true}]}}