{"id":14,"date":"2022-10-27T15:54:15","date_gmt":"2022-10-27T13:54:15","guid":{"rendered":"https:\/\/dlf.uzh.ch\/sites\/cbleor\/?page_id=14"},"modified":"2022-11-18T00:03:26","modified_gmt":"2022-11-17T23:03:26","slug":"comite-cientifico","status":"publish","type":"page","link":"https:\/\/dlf.uzh.ch\/sites\/cbleor\/comite-cientifico\/","title":{"rendered":"Comit\u00e9 cient\u00edfico"},"content":{"rendered":"\n<div class=\"wp-block-group\"><div class=\"wp-block-group__inner-container is-layout-flow wp-block-group-is-layout-flow\">\n<ul class=\"wp-block-list\"><li>H\u00e9ctor \u00c1lvarez Mella, Universit\u00e4t Heidelberg<\/li><li>Ram\u00f3n de Andr\u00e9s D\u00edaz, Universidad de Oviedo<\/li><li>Carlota de Benito Moreno, Universit\u00e4t Z\u00fcrich<\/li><li>Paul Buzil\u0103, Universitatea din Bucure\u0219ti<\/li><li>Ana Mar\u00eda Cano Gonz\u00e1lez, Universidad de Oviedo<\/li><li>Dumitru Chihai, Universit\u00e4t Z\u00fcrich<\/li><li>Miguel Cuevas Alonso, Universidade de Vigo<\/li><li>Joana Faro Serafim, Universit\u00e4t Z\u00fcrich<\/li><li>Ilinca Ilian, Universitatea de Vest din Timi\u0219oara<\/li><li>Johannes Kabatek, Universit\u00e4t Z\u00fcrich<\/li><li>Covadonga Lamar Prieto, University of California<\/li><li>Xavier Lamuela, Universitat de Girona<\/li><li>\u00d3scar Loureda Llamas, Universit\u00e4t Heidelberg<\/li><li>Francisco Moreno Fern\u00e1ndez, Universit\u00e4t Heidelberg \/ Universidad Alcal\u00e1<\/li><li>Philipp Obrist, Universit\u00e4t Z\u00fcrich<\/li><li>Alina-Viorela Prelipcean, Universitatea \u201e\u0218tefan cel Mare\u201d, Suceava<\/li><li>Sandra Schlumpf-Thurnherr, Universit\u00e4t Basel<\/li><li>Kim Schulte, Universitat Jaume I<\/li><li>Lavinia Seiciuc, Universitatea \u201e\u0218tefan cel Mare\u201d, Suceava<\/li><li>Andreea-Isabella \u0218tefan, Universit\u00e4t Z\u00fcrich \/ Universit\u00e4t Leipzig \/ Universit\u00e4t Konstanz<\/li><li>Alina \u021ai\u021bei-Av\u0103danei, Universitatea \u201eAlexandru Ioan Cuza\u201d, Ia\u0219i<\/li><\/ul>\n<\/div><\/div>\n","protected":false},"excerpt":{"rendered":"<p>H\u00e9ctor \u00c1lvarez Mella, Universit\u00e4t Heidelberg Ram\u00f3n de Andr\u00e9s D\u00edaz, Universidad de Oviedo Carlota de Benito Moreno, Universit\u00e4t Z\u00fcrich Paul Buzil\u0103, Universitatea din Bucure\u0219ti Ana Mar\u00eda Cano Gonz\u00e1lez, Universidad de Oviedo Dumitru Chihai, Universit\u00e4t Z\u00fcrich Miguel Cuevas Alonso, Universidade de Vigo &hellip; <a href=\"https:\/\/dlf.uzh.ch\/sites\/cbleor\/comite-cientifico\/\">Sigue leyendo <span class=\"meta-nav\">&rarr;<\/span><\/a><\/p>\n","protected":false},"author":794,"featured_media":0,"parent":0,"menu_order":0,"comment_status":"closed","ping_status":"closed","template":"","meta":{"footnotes":""},"class_list":["post-14","page","type-page","status-publish","hentry"],"_links":{"self":[{"href":"https:\/\/dlf.uzh.ch\/sites\/cbleor\/wp-json\/wp\/v2\/pages\/14","targetHints":{"allow":["GET"]}}],"collection":[{"href":"https:\/\/dlf.uzh.ch\/sites\/cbleor\/wp-json\/wp\/v2\/pages"}],"about":[{"href":"https:\/\/dlf.uzh.ch\/sites\/cbleor\/wp-json\/wp\/v2\/types\/page"}],"author":[{"embeddable":true,"href":"https:\/\/dlf.uzh.ch\/sites\/cbleor\/wp-json\/wp\/v2\/users\/794"}],"replies":[{"embeddable":true,"href":"https:\/\/dlf.uzh.ch\/sites\/cbleor\/wp-json\/wp\/v2\/comments?post=14"}],"version-history":[{"count":23,"href":"https:\/\/dlf.uzh.ch\/sites\/cbleor\/wp-json\/wp\/v2\/pages\/14\/revisions"}],"predecessor-version":[{"id":225,"href":"https:\/\/dlf.uzh.ch\/sites\/cbleor\/wp-json\/wp\/v2\/pages\/14\/revisions\/225"}],"wp:attachment":[{"href":"https:\/\/dlf.uzh.ch\/sites\/cbleor\/wp-json\/wp\/v2\/media?parent=14"}],"curies":[{"name":"wp","href":"https:\/\/api.w.org\/{rel}","templated":true}]}}