{"id":56,"date":"2020-03-17T07:27:15","date_gmt":"2020-03-17T07:27:15","guid":{"rendered":"https:\/\/dlf.uzh.ch\/sites\/amazonia\/?page_id=56"},"modified":"2020-03-17T07:27:15","modified_gmt":"2020-03-17T07:27:15","slug":"referencias-bibliograficas","status":"publish","type":"page","link":"https:\/\/dlf.uzh.ch\/sites\/amazonia\/referencias-bibliograficas\/","title":{"rendered":"Refer\u00eancias bibliogr\u00e1ficas"},"content":{"rendered":"<p>Albert Bruce (1993)\u00a0: \u00ab\u00a0L\u2019Or cannibale et la chute du ciel Une critique chamanique de l\u2019\u00e9conomie politique de la nature (Yanomami, Br\u00e9sil)\u00a0\u00bb. In: <em>L&rsquo;Homme<\/em>, 1993, tome 33 n\u00b0126-128. La remont\u00e9e de l&rsquo;Amazone. pp. 349-378;<\/p>\n<p>Albert, Bruce \/ Kopenawa, Davi (2010): <em>La chute du ciel: Paroles d\u2019un chaman yanomami<\/em>, Paris: Librairie Plon.<\/p>\n<p>&#8212; (2015): <em>A queda do c\u00e9u: Palavras de um xam\u00e3 yanomami<\/em>, trad. Beatriz Perrone-Mois\u00e9s, 1\u00aa ed., S\u00e3o Paulo: Companhia das Letras.<\/p>\n<p>Baptista, Josely Vianna (2011). <em>Ro\u00e7a barroca<\/em>. S\u00e3o Paulo. Cosac Naify.<\/p>\n<p>Barrento, Jo\u00e3o (2001): <em>A espiral vertiginosa: ensaios sobre a cultura contempor\u00e2nea<\/em>, Lisboa: Cotovia.<\/p>\n<p>Brunn, Albert von (2018). <em>Milton Hatoum \u2013 entre Oriente e Amaz\u00f4nia<\/em>. S\u00e3o Paulo: Humanitas.<\/p>\n<p>Bueno, Alexei \/ Mascar, Cristiano (2014): <em>Pal\u00e1cios da Borracha: Arquitetura na Belle\u00c9poque Amaz\u00f4nica<\/em>, Rio de Janeiro: Instituto Cultural Sergio Fadel.<\/p>\n<p>Carvalho, Bernardo (2002). <em>Nove Noites<\/em>. S\u00e3o Paulo, Companhia das Letras.<\/p>\n<p>Cesarino, Pedro de Niemeyer (2011): <em>Oniska: po\u00e9tica do xamanismo na Amaz\u00f4nia<\/em>, S\u00e3o Paulo: Perspectiva: Fapesp.<\/p>\n<p>&#8212; (2016): <em>Rio acima<\/em>, 1\u00aa ed., S\u00e3o Paulo: Companhia das Letras.<\/p>\n<p>Cohn, Sergio \/ Kadiwel, Idjahure (2019): <em>Tembet\u00e1: conversas com pensadores ind\u00edgenas<\/em>, Rio de Janeiro: Azougue.<\/p>\n<p>Cunha, Euclides da (2019). <em>\u00c0 margem da hist\u00f3ria<\/em>. Org. Bernucci, Leopoldo M., Foot Hardman, Francisco\u00a0; Rissato, Felipe Pereira. S\u00e3o Paulo, Editora Unesp.<\/p>\n<p>Cunha, Euclides de (1995): \u201c\u00c0 margem da hist\u00f3ria\u201d. <em>Obras Completas<\/em>. Vol. 1. Rio de Janeiro: Nova Aguilar.<\/p>\n<p>Descola, Philippe (2010): <em>Diversit\u00e9 des natures, diversit\u00e9 des cultures<\/em>. Paris, Bayard.<\/p>\n<p>&#8212; (2005): <em>Par-del\u00e0 nature et culture<\/em>. Paris, Folio.<\/p>\n<p>Finazzi-Agr\u00f2, Ettore (2015). \u00ab\u00a0A lei fora (e contra) da lei: a Amaz\u00f4nia como limiar.\u00a0\u00bb Conex\u00e3o Letras, v. 10, n. 13, p. 17-24.<\/p>\n<p>Geertz, Clifford (1973): <em>The interpretation of Cultures<\/em>. New York, Basic Books.<\/p>\n<p>Giorgi, Gabriel \/ Kiffer, Ana (2019): <em>\u00d3dios pol\u00edticos e pol\u00edtica do \u00f3dio<\/em>, Rio de Janeiro: Bazar do Tempo.<\/p>\n<p>Grandin, Greg (1962): <em>Fordlandia: The Rise and Fall of Henry Ford\u2019s Forgotten Jungle City<\/em>, 1\u00aa ed., New York: Henry Holtand Company.<\/p>\n<p>Hardman, Francisco Foot (2009): <em>A vingan\u00e7a da Hileia: Euclides da Cunha, a Amaz\u00f4nia e a literatura moderna<\/em>, S\u00e3o Paulo: Unesp.<\/p>\n<p>Hatoum, Milton (1989): <em>Relato de um certo oriente<\/em>, S\u00e3o Paulo: Companhia das Letras.<\/p>\n<p>Izard, Michel (2004): <em>Claude L\u00e9vi-Strauss<\/em>, Paris: Herne.<\/p>\n<p>Krenak, Ailton (2019). <em>Ideias para adiar o fim do mundo<\/em>. S\u00e3o Paulo, Companhia das Letras, 2019.<\/p>\n<p>&#8212; (2015). Org. Cohn, Sergio. <em>Encontros<\/em>. Rio de Janeiro, Azougue, 2015.<\/p>\n<p>Latour, Bruno (1994): <em>Jamais fomos modernos<\/em>. Trad. Carlos Irineu Silva. Col. Trans. S\u00e3o Paulo, Ed. 34.<\/p>\n<p>L\u00e9vi-Strauss, Claude (1962): <em>La pens\u00e9e sauvage<\/em>, Paris: Librairie Plon.<\/p>\n<p>L\u00e9vi-Strauss, Claude (1989): <em>O pensamento selvagem<\/em>, Trad. T\u00e2nia Pellegrini. S\u00e3o Paulo: Papirus.<\/p>\n<p>Lienhard, Martin (2003). <em>La voz y su huella<\/em>: escritura y conflicto \u00e9tnico-social en Am\u00e9rica Latina, 1492 \u2013 1988. M\u00e9xico, Ediciones Casa Juan Pablos.<\/p>\n<p>&#8212;&#8212; (1992). Testemonios, cartas y manifiestos indigenas\u00a0: desde la conquista hasta comienzos del siglo XX. Caracas, Biblioteca Ayacucho.<\/p>\n<p>Lima, Luiz Costa (1989). \u00ab\u00a0Uma quest\u00e3o da modernidade\u00a0: o lugar do imagin\u00e1rio\u00a0\u00bb. <em>Revista USP<\/em>. Mar\u00e7o-Maio. S\u00e3o Paulo, Universidade de S\u00e3o Paulo, p. 44-57.<\/p>\n<p>Lima, Simone de Souza (2014): <em>Amaz\u00f4nia babel: l\u00ednguas, fic\u00e7\u00e3o, margens, nomadismos e res\u00edduos ut\u00f3picos<\/em>, 1\u00aa ed., Rio de Janeiro: Letra Capital.<\/p>\n<p>Medeiros, Sergio (2015)\u00a0: <em>O fim de tarde de uma alma com fome<\/em>. Varia\u00e7\u00f5es sobre um ou dois temas ind\u00edgenas. S\u00e3o Paulo, Iluminuras.<\/p>\n<p>&#8212;&#8212;&#8212; (2009)\u00a0: <em>T\u00f3tem &amp; sacrificio<\/em> (poemas o prosas). Asunci\u00f3n: Jakemb\u00f3 Editores.<\/p>\n<p>&#8212;&#8212;&#8212; (2002): <em>Makuna\u00edma e Jurupari<\/em>: cosmogonias amer\u00edndias. S\u00e3o Paulo: Perspectiva.<\/p>\n<p>Mereilles Filho, Jo\u00e3o (2011): <em>Grandes expedi\u00e7\u00f5es \u00e0 Amaz\u00f4nia brasileira: S\u00e9culo XX<\/em>, S\u00e3o Paulo: Metalivros.<\/p>\n<p>M\u0117traux, A. (1928): <em>La R\u00e9ligion des Tupinamba et ses rapports avec celle des autres tribus Tupi-Guarani<\/em>, Paris: Librairie \u00c9rnest L\u00e9roux.<\/p>\n<p>Mussa, Alberto (2009): <em>Meu destino \u00e9 ser on\u00e7a<\/em>, 2\u00aa ed., Rio de Janeiro: Record.<\/p>\n<p>Nugent, Stephen (2007): <em>Scoping the Amazon: Image, Icon, Ethnography<\/em>, Walnut Creek: Left Coast Press.<\/p>\n<p>Paiva, Marco Aur\u00e9lio Coelho de (2010): <em>O Papagaio e o fot\u00f3grafo: os prosadores de fic\u00e7\u00e3o na Amaz\u00f4nia<\/em>, Manaus: Funda\u00e7\u00e3o Universidade de Amazonas.<\/p>\n<p>Raisewitz, Caio (2018): <em>Altamira<\/em>. Gen\u00e8ve, Artphilein Foundation.<\/p>\n<p>Rangel, Alberto (2008): <em>Inferno Verde: Cenas e Cen\u00e1rios do Amazonas<\/em>, 6\u00aa ed., Manaus: Valer.<\/p>\n<p>Raponi, Livia (2016): <em>A \u00fanica vida poss\u00edvel: itiner\u00e1rios de Ermanno Stradelli na Amaz\u00f4nia<\/em>, 1\u00aa ed., S\u00e3o Paulo: Unesp.<\/p>\n<p>S\u00e1, L\u00facia (2004): <em>Rain Forest Literatures: Amazonian Texts and Latin American Culture,<\/em> vol.16, Minnesota: Minnesota Press<\/p>\n<p>Senna, Orlando (1979): <em>Xana: Viol\u00eancia internacional na ocupa\u00e7\u00e3o da Amaz\u00f4nia<\/em>, vol. 65, Rio de Janeiro: Codecri.<\/p>\n<p>Souza, M\u00e1rcio (2019): <em>Hist\u00f3ria da Amaz\u00f4nia<\/em>, 1\u00aa ed., Rio de Janeiro: Record.<\/p>\n<p>Wey, Clovis (2010): <em>Tembet\u00e1<\/em>, Rio de Janeiro: Confraria do Vento.<\/p>\n<p>Vallias, Andr\u00e9 (2014). <em>Totem<\/em>. Meiembipe: Cultura e Barb\u00e1rie, 2014.<\/p>\n","protected":false},"excerpt":{"rendered":"<p>Albert Bruce (1993)\u00a0: \u00ab\u00a0L\u2019Or cannibale et la chute du ciel Une critique chamanique de l\u2019\u00e9conomie politique de la nature (Yanomami, Br\u00e9sil)\u00a0\u00bb. In: L&rsquo;Homme, 1993, tome 33 n\u00b0126-128. La remont\u00e9e de l&rsquo;Amazone. pp. 349-378; Albert, Bruce \/ Kopenawa, Davi (2010): La chute du ciel: Paroles d\u2019un chaman yanomami, Paris: Librairie Plon. &#8212; (2015): A queda do [&hellip;]<\/p>\n","protected":false},"author":476,"featured_media":0,"parent":0,"menu_order":0,"comment_status":"closed","ping_status":"closed","template":"","meta":{"footnotes":""},"class_list":["post-56","page","type-page","status-publish","hentry"],"_links":{"self":[{"href":"https:\/\/dlf.uzh.ch\/sites\/amazonia\/wp-json\/wp\/v2\/pages\/56","targetHints":{"allow":["GET"]}}],"collection":[{"href":"https:\/\/dlf.uzh.ch\/sites\/amazonia\/wp-json\/wp\/v2\/pages"}],"about":[{"href":"https:\/\/dlf.uzh.ch\/sites\/amazonia\/wp-json\/wp\/v2\/types\/page"}],"author":[{"embeddable":true,"href":"https:\/\/dlf.uzh.ch\/sites\/amazonia\/wp-json\/wp\/v2\/users\/476"}],"replies":[{"embeddable":true,"href":"https:\/\/dlf.uzh.ch\/sites\/amazonia\/wp-json\/wp\/v2\/comments?post=56"}],"version-history":[{"count":1,"href":"https:\/\/dlf.uzh.ch\/sites\/amazonia\/wp-json\/wp\/v2\/pages\/56\/revisions"}],"predecessor-version":[{"id":58,"href":"https:\/\/dlf.uzh.ch\/sites\/amazonia\/wp-json\/wp\/v2\/pages\/56\/revisions\/58"}],"wp:attachment":[{"href":"https:\/\/dlf.uzh.ch\/sites\/amazonia\/wp-json\/wp\/v2\/media?parent=56"}],"curies":[{"name":"wp","href":"https:\/\/api.w.org\/{rel}","templated":true}]}}