{"id":8,"date":"2018-06-20T19:15:02","date_gmt":"2018-06-20T17:15:02","guid":{"rendered":"https:\/\/dlf.uzh.ch\/openbooks\/home\/"},"modified":"2022-05-10T19:12:47","modified_gmt":"2022-05-10T17:12:47","slug":"home","status":"publish","type":"page","link":"https:\/\/dlf.uzh.ch\/openbooks\/","title":{"rendered":"Home"},"content":{"rendered":"<div class=\"page-section\"><h2>\u00dcber Openbooks<\/h2>\n<p><em><strong>Openbooks<\/strong><\/em> ist eine Publikationsplattform f\u00fcr E-Books oder interaktive Lernskripte und steht allen Angeh\u00f6rigen der Philosophischen Fakult\u00e4t der Universit\u00e4t Z\u00fcrich zur Verf\u00fcgung. Angeh\u00f6rige anderer Fakult\u00e4ten k\u00f6nnen die Plattform auf Anfrage ebenfalls nutzen.<\/p>\n<p><a class=\"call-to-action\" href=\"https:\/\/dlf.uzh.ch\/openbooks\/about\/\" title=\"Mehr Infos\">Mehr Infos<\/a><\/p>\n<p><\/div>\n<\/p>","protected":false},"excerpt":{"rendered":"","protected":false},"author":1,"featured_media":0,"parent":0,"menu_order":0,"comment_status":"closed","ping_status":"closed","template":"","meta":{"footnotes":""},"class_list":["post-8","page","type-page","status-publish","hentry"],"_links":{"self":[{"href":"https:\/\/dlf.uzh.ch\/openbooks\/wp-json\/wp\/v2\/pages\/8"}],"collection":[{"href":"https:\/\/dlf.uzh.ch\/openbooks\/wp-json\/wp\/v2\/pages"}],"about":[{"href":"https:\/\/dlf.uzh.ch\/openbooks\/wp-json\/wp\/v2\/types\/page"}],"author":[{"embeddable":true,"href":"https:\/\/dlf.uzh.ch\/openbooks\/wp-json\/wp\/v2\/users\/1"}],"replies":[{"embeddable":true,"href":"https:\/\/dlf.uzh.ch\/openbooks\/wp-json\/wp\/v2\/comments?post=8"}],"version-history":[{"count":8,"href":"https:\/\/dlf.uzh.ch\/openbooks\/wp-json\/wp\/v2\/pages\/8\/revisions"}],"predecessor-version":[{"id":280,"href":"https:\/\/dlf.uzh.ch\/openbooks\/wp-json\/wp\/v2\/pages\/8\/revisions\/280"}],"wp:attachment":[{"href":"https:\/\/dlf.uzh.ch\/openbooks\/wp-json\/wp\/v2\/media?parent=8"}],"curies":[{"name":"wp","href":"https:\/\/api.w.org\/{rel}","templated":true}]}}