{"id":5,"date":"2018-06-20T19:15:02","date_gmt":"2018-06-20T17:15:02","guid":{"rendered":"https:\/\/dlf.uzh.ch\/openbooks\/about\/"},"modified":"2022-05-06T08:50:02","modified_gmt":"2022-05-06T06:50:02","slug":"about","status":"publish","type":"page","link":"https:\/\/dlf.uzh.ch\/openbooks\/about\/","title":{"rendered":"\u00dcber Openbooks"},"content":{"rendered":"<p><em><strong>Openbooks<\/strong><\/em> ist eine Publikationsplattform der Philosophischen Fakult\u00e4t der Universit\u00e4t Z\u00fcrich und basiert auf der Open Source Software <a href=\"https:\/\/de-ch.wordpress.org\/\" target=\"_blank\" rel=\"noopener\">WordPress<\/a> und einer Erweiterung namens <a href=\"https:\/\/pressbooks.com\/\" target=\"_blank\" rel=\"noopener\">Pressbooks<\/a>. Die Plattform kann f\u00fcr unterschiedliche Zwecke genutzt werden: F\u00fcr E-Books aller Art aber auch f\u00fcr wissenschaftliche Publikationen, Jubil\u00e4umsschriften oder Whitepapers. Daneben k\u00f6nnen auch interaktive Lerninhalte von <a href=\"https:\/\/h5p.org\/\" target=\"_blank\" rel=\"noopener\">H5P<\/a> erstellt und zu einem Lernmodul oder digitalen Lernskript kombiniert werden.<br \/>\nDie digitalen Publikationen k\u00f6nnen \u00fcber den Browser angeschaut oder in den folgenden Formaten exportiert werden:<\/p>\n<ul>\n<li>MOBI (f\u00fcr Kindle E-Book Reader)<\/li>\n<li>EPUB (als offener E-Book Standard)<\/li>\n<li>PDF (for print-on-demand and digital distribution)<\/li>\n<\/ul>\n<p>Die Plattform wird vom <a href=\"https:\/\/dlf.uzh.ch\/\" target=\"_blank\" rel=\"noopener\">Team Digitale Lehre und Forschung<\/a> betrieben. Die Open Source L\u00f6sung wird von vielen anderen Ausbildungsst\u00e4tten rund um den Globus wie auch von Autoren und Editoren verwendet.<\/p>\n<p>Wenn Sie die Plattform selber nutzen m\u00f6chten, so schreiben Sie uns: <a href=\"mailto:dlf@phil.uzh.ch\" target=\"_blank\" rel=\"noopener\">dlf@phil.uzh.ch<\/a><\/p>\n","protected":false},"excerpt":{"rendered":"<p>Openbooks ist eine Publikationsplattform der Philosophischen Fakult\u00e4t der Universit\u00e4t Z\u00fcrich und basiert auf der Open Source Software WordPress und einer Erweiterung namens Pressbooks. Die Plattform kann f\u00fcr unterschiedliche Zwecke genutzt werden: F\u00fcr E-Books aller Art aber auch f\u00fcr wissenschaftliche Publikationen, Jubil\u00e4umsschriften oder Whitepapers. Daneben k\u00f6nnen auch interaktive Lerninhalte von H5P erstellt und zu einem Lernmodul &hellip; <a href=\"https:\/\/dlf.uzh.ch\/openbooks\/about\/\">Fortgesetzt<\/a><\/p>\n","protected":false},"author":1,"featured_media":0,"parent":0,"menu_order":0,"comment_status":"closed","ping_status":"closed","template":"","meta":{"footnotes":""},"class_list":["post-5","page","type-page","status-publish","hentry"],"_links":{"self":[{"href":"https:\/\/dlf.uzh.ch\/openbooks\/wp-json\/wp\/v2\/pages\/5"}],"collection":[{"href":"https:\/\/dlf.uzh.ch\/openbooks\/wp-json\/wp\/v2\/pages"}],"about":[{"href":"https:\/\/dlf.uzh.ch\/openbooks\/wp-json\/wp\/v2\/types\/page"}],"author":[{"embeddable":true,"href":"https:\/\/dlf.uzh.ch\/openbooks\/wp-json\/wp\/v2\/users\/1"}],"replies":[{"embeddable":true,"href":"https:\/\/dlf.uzh.ch\/openbooks\/wp-json\/wp\/v2\/comments?post=5"}],"version-history":[{"count":4,"href":"https:\/\/dlf.uzh.ch\/openbooks\/wp-json\/wp\/v2\/pages\/5\/revisions"}],"predecessor-version":[{"id":269,"href":"https:\/\/dlf.uzh.ch\/openbooks\/wp-json\/wp\/v2\/pages\/5\/revisions\/269"}],"wp:attachment":[{"href":"https:\/\/dlf.uzh.ch\/openbooks\/wp-json\/wp\/v2\/media?parent=5"}],"curies":[{"name":"wp","href":"https:\/\/api.w.org\/{rel}","templated":true}]}}